{"id":11518,"date":"2020-11-18T18:25:14","date_gmt":"2020-11-18T18:25:14","guid":{"rendered":"https:\/\/maf.az\/our-vision\/"},"modified":"2021-05-06T07:56:47","modified_gmt":"2021-05-06T07:56:47","slug":"meqsedimiz","status":"publish","type":"page","link":"https:\/\/maf.az\/az\/meqsedimiz\/","title":{"rendered":"M\u0259qs\u0259dimiz"},"content":{"rendered":"\t\t<div data-elementor-type=\"wp-page\" data-elementor-id=\"11518\" class=\"elementor elementor-11518 elementor-11516\">\n\t\t\t\t\t\t<div class=\"elementor-inner\">\n\t\t\t\t<div class=\"elementor-section-wrap\">\n\t\t\t\t\t\t\t\t\t<section class=\"elementor-section elementor-top-section elementor-element elementor-element-c683ba5 elementor-section-boxed elementor-section-height-default elementor-section-height-default\" data-id=\"c683ba5\" data-element_type=\"section\">\n\t\t\t\t\t\t<div class=\"elementor-container elementor-column-gap-default\">\n\t\t\t\t\t\t\t<div class=\"elementor-row\">\n\t\t\t\t\t<div class=\"elementor-column elementor-col-100 elementor-top-column elementor-element elementor-element-793b476 top column-style-top\" data-id=\"793b476\" data-element_type=\"column\">\n\t\t\t<div class=\"elementor-column-wrap elementor-element-populated\">\n\t\t\t\t\t\t\t<div class=\"elementor-widget-wrap\">\n\t\t\t\t\t\t<div class=\"elementor-element elementor-element-ee6fa42 elementor-widget elementor-widget-heading\" data-id=\"ee6fa42\" data-element_type=\"widget\" data-widget_type=\"heading.default\">\n\t\t\t\t<div class=\"elementor-widget-container\">\n\t\t\t<h2 class=\"elementor-heading-title elementor-size-default\">M\u0259qs\u0259dimiz<\/h2>\t\t<\/div>\n\t\t\t\t<\/div>\n\t\t\t\t<div class=\"elementor-element elementor-element-847fc47 elementor-widget elementor-widget-text-editor\" data-id=\"847fc47\" data-element_type=\"widget\" data-widget_type=\"text-editor.default\">\n\t\t\t\t<div class=\"elementor-widget-container\">\n\t\t\t\t\t\t\t\t<div class=\"elementor-text-editor elementor-clearfix\">\n\t\t\t\t<p>M\u0259qs\u0259dimiz d\u0259qiqlik v\u0259 keyfiyy\u0259tin etalonu olmaqla beyn\u0259lxalq bazarda yer almaqd\u0131r<\/p>\t\t\t\t\t<\/div>\n\t\t\t\t\t\t<\/div>\n\t\t\t\t<\/div>\n\t\t\t\t<div class=\"elementor-element elementor-element-7b3229b elementor-widget elementor-widget-heading\" data-id=\"7b3229b\" data-element_type=\"widget\" data-widget_type=\"heading.default\">\n\t\t\t\t<div class=\"elementor-widget-container\">\n\t\t\t<h2 class=\"elementor-heading-title elementor-size-default\">D\u0259y\u0259rl\u0259rimiz<\/h2>\t\t<\/div>\n\t\t\t\t<\/div>\n\t\t\t\t<div class=\"elementor-element elementor-element-9234842 elementor-widget elementor-widget-text-editor\" data-id=\"9234842\" data-element_type=\"widget\" data-widget_type=\"text-editor.default\">\n\t\t\t\t<div class=\"elementor-widget-container\">\n\t\t\t\t\t\t\t\t<div class=\"elementor-text-editor elementor-clearfix\">\n\t\t\t\t<ul>\n<li>\u0130nam v\u0259 etibar<\/li>\n<li>Keyfiyy\u0259t<\/li>\n<li>D\u00fczg\u00fcnl\u00fck v\u0259 d\u0259qiqlik<\/li>\n<li>\u015e\u0259ffafl\u0131q<\/li>\n<li>\u018fhat\u0259edici bax\u0131\u015f<\/li>\n<li>Uzunm\u00fcdd\u0259tli \u0259m\u0259kda\u015fl\u0131q<\/li>\n<li>H\u0259mr\u0259ylik<\/li>\n<\/ul>\t\t\t\t\t<\/div>\n\t\t\t\t\t\t<\/div>\n\t\t\t\t<\/div>\n\t\t\t\t\t\t<\/div>\n\t\t\t\t\t<\/div>\n\t\t<\/div>\n\t\t\t\t\t\t\t\t<\/div>\n\t\t\t\t\t<\/div>\n\t\t<\/section>\n\t\t\t\t\t\t\t\t\t<\/div>\n\t\t\t<\/div>\n\t\t\t\t\t<\/div>\n\t\t","protected":false},"excerpt":{"rendered":"<p>M\u0259qs\u0259dimiz M\u0259qs\u0259dimiz d\u0259qiqlik v\u0259 keyfiyy\u0259tin etalonu olmaqla beyn\u0259lxalq bazarda yer almaqd\u0131r D\u0259y\u0259rl\u0259rimiz \u0130nam v\u0259 etibar Keyfiyy\u0259t D\u00fczg\u00fcnl\u00fck v\u0259 d\u0259qiqlik \u015e\u0259ffafl\u0131q \u018fhat\u0259edici bax\u0131\u015f Uzunm\u00fcdd\u0259tli \u0259m\u0259kda\u015fl\u0131q H\u0259mr\u0259ylik<\/p>\n","protected":false},"author":1,"featured_media":0,"parent":0,"menu_order":0,"comment_status":"closed","ping_status":"closed","template":"","meta":{"_monsterinsights_skip_tracking":false,"_monsterinsights_sitenote_active":false,"_monsterinsights_sitenote_note":"","_monsterinsights_sitenote_category":0},"yoast_head":"<!-- This site is optimized with the Yoast SEO plugin v16.2 - https:\/\/yoast.com\/wordpress\/plugins\/seo\/ -->\n<title>M\u0259qs\u0259dimiz - Maf.az<\/title>\n<meta name=\"robots\" content=\"index, follow, max-snippet:-1, max-image-preview:large, max-video-preview:-1\" \/>\n<link rel=\"canonical\" href=\"https:\/\/maf.az\/ourvision\/\" \/>\n<meta property=\"og:locale\" content=\"az_AZ\" \/>\n<meta property=\"og:type\" content=\"article\" \/>\n<meta property=\"og:title\" content=\"M\u0259qs\u0259dimiz - Maf.az\" \/>\n<meta property=\"og:description\" content=\"M\u0259qs\u0259dimiz M\u0259qs\u0259dimiz d\u0259qiqlik v\u0259 keyfiyy\u0259tin etalonu olmaqla beyn\u0259lxalq bazarda yer almaqd\u0131r D\u0259y\u0259rl\u0259rimiz \u0130nam v\u0259 etibar Keyfiyy\u0259t D\u00fczg\u00fcnl\u00fck v\u0259 d\u0259qiqlik \u015e\u0259ffafl\u0131q \u018fhat\u0259edici bax\u0131\u015f Uzunm\u00fcdd\u0259tli \u0259m\u0259kda\u015fl\u0131q H\u0259mr\u0259ylik\" \/>\n<meta property=\"og:url\" content=\"https:\/\/maf.az\/ourvision\/\" \/>\n<meta property=\"og:site_name\" content=\"Maf.az\" \/>\n<meta property=\"article:modified_time\" content=\"2021-05-06T07:56:47+00:00\" \/>\n<meta name=\"twitter:card\" content=\"summary_large_image\" \/>\n<meta name=\"twitter:label1\" content=\"Est. reading time\">\n\t<meta name=\"twitter:data1\" content=\"1 minute\">\n<script type=\"application\/ld+json\" class=\"yoast-schema-graph\">{\"@context\":\"https:\/\/schema.org\",\"@graph\":[{\"@type\":\"Organization\",\"@id\":\"https:\/\/maf.az\/#organization\",\"name\":\"MAF.AZ\",\"url\":\"https:\/\/maf.az\/\",\"sameAs\":[],\"logo\":{\"@type\":\"ImageObject\",\"@id\":\"https:\/\/maf.az\/#logo\",\"inLanguage\":\"az-TR\",\"url\":\"https:\/\/maf.az\/wp-content\/uploads\/2020\/11\/MAF-Logo-ENG.png\",\"contentUrl\":\"https:\/\/maf.az\/wp-content\/uploads\/2020\/11\/MAF-Logo-ENG.png\",\"width\":1962,\"height\":1248,\"caption\":\"MAF.AZ\"},\"image\":{\"@id\":\"https:\/\/maf.az\/#logo\"}},{\"@type\":\"WebSite\",\"@id\":\"https:\/\/maf.az\/#website\",\"url\":\"https:\/\/maf.az\/\",\"name\":\"Maf.az\",\"description\":\"On Time\",\"publisher\":{\"@id\":\"https:\/\/maf.az\/#organization\"},\"potentialAction\":[{\"@type\":\"SearchAction\",\"target\":\"https:\/\/maf.az\/?s={search_term_string}\",\"query-input\":\"required name=search_term_string\"}],\"inLanguage\":\"az-TR\"},{\"@type\":\"WebPage\",\"@id\":\"https:\/\/maf.az\/ourvision\/#webpage\",\"url\":\"https:\/\/maf.az\/ourvision\/\",\"name\":\"M\\u0259qs\\u0259dimiz - Maf.az\",\"isPartOf\":{\"@id\":\"https:\/\/maf.az\/#website\"},\"datePublished\":\"2020-11-18T18:25:14+00:00\",\"dateModified\":\"2021-05-06T07:56:47+00:00\",\"breadcrumb\":{\"@id\":\"https:\/\/maf.az\/ourvision\/#breadcrumb\"},\"inLanguage\":\"az-TR\",\"potentialAction\":[{\"@type\":\"ReadAction\",\"target\":[\"https:\/\/maf.az\/ourvision\/\"]}]},{\"@type\":\"BreadcrumbList\",\"@id\":\"https:\/\/maf.az\/ourvision\/#breadcrumb\",\"itemListElement\":[{\"@type\":\"ListItem\",\"position\":1,\"item\":{\"@type\":\"WebPage\",\"@id\":\"https:\/\/maf.az\/az\/\",\"url\":\"https:\/\/maf.az\/az\/\",\"name\":\"Home\"}},{\"@type\":\"ListItem\",\"position\":2,\"item\":{\"@id\":\"https:\/\/maf.az\/ourvision\/#webpage\"}}]}]}<\/script>\n<!-- \/ Yoast SEO plugin. -->","_links":{"self":[{"href":"https:\/\/maf.az\/az\/wp-json\/wp\/v2\/pages\/11518"}],"collection":[{"href":"https:\/\/maf.az\/az\/wp-json\/wp\/v2\/pages"}],"about":[{"href":"https:\/\/maf.az\/az\/wp-json\/wp\/v2\/types\/page"}],"author":[{"embeddable":true,"href":"https:\/\/maf.az\/az\/wp-json\/wp\/v2\/users\/1"}],"replies":[{"embeddable":true,"href":"https:\/\/maf.az\/az\/wp-json\/wp\/v2\/comments?post=11518"}],"version-history":[{"count":14,"href":"https:\/\/maf.az\/az\/wp-json\/wp\/v2\/pages\/11518\/revisions"}],"predecessor-version":[{"id":11835,"href":"https:\/\/maf.az\/az\/wp-json\/wp\/v2\/pages\/11518\/revisions\/11835"}],"wp:attachment":[{"href":"https:\/\/maf.az\/az\/wp-json\/wp\/v2\/media?parent=11518"}],"curies":[{"name":"wp","href":"https:\/\/api.w.org\/{rel}","templated":true}]}}