{"id":11514,"date":"2020-11-18T18:23:24","date_gmt":"2020-11-18T18:23:24","guid":{"rendered":"https:\/\/maf.az\/our-mission\/"},"modified":"2021-05-06T07:51:02","modified_gmt":"2021-05-06T07:51:02","slug":"missiyamiz","status":"publish","type":"page","link":"https:\/\/maf.az\/az\/missiyamiz\/","title":{"rendered":"Missiyamiz"},"content":{"rendered":"\t\t<div data-elementor-type=\"wp-page\" data-elementor-id=\"11514\" class=\"elementor elementor-11514 elementor-11512\">\n\t\t\t\t\t\t<div class=\"elementor-inner\">\n\t\t\t\t<div class=\"elementor-section-wrap\">\n\t\t\t\t\t\t\t\t\t<section class=\"elementor-section elementor-top-section elementor-element elementor-element-55f63c6 elementor-section-boxed elementor-section-height-default elementor-section-height-default\" data-id=\"55f63c6\" data-element_type=\"section\">\n\t\t\t\t\t\t<div class=\"elementor-container elementor-column-gap-default\">\n\t\t\t\t\t\t\t<div class=\"elementor-row\">\n\t\t\t\t\t<div class=\"elementor-column elementor-col-100 elementor-top-column elementor-element elementor-element-350e2ea top column-style-top\" data-id=\"350e2ea\" data-element_type=\"column\">\n\t\t\t<div class=\"elementor-column-wrap elementor-element-populated\">\n\t\t\t\t\t\t\t<div class=\"elementor-widget-wrap\">\n\t\t\t\t\t\t<div class=\"elementor-element elementor-element-9ae99f0 elementor-widget elementor-widget-heading\" data-id=\"9ae99f0\" data-element_type=\"widget\" data-widget_type=\"heading.default\">\n\t\t\t\t<div class=\"elementor-widget-container\">\n\t\t\t<h2 class=\"elementor-heading-title elementor-size-default\">Missiyam\u0131z<\/h2>\t\t<\/div>\n\t\t\t\t<\/div>\n\t\t\t\t<div class=\"elementor-element elementor-element-2e2b349 elementor-widget elementor-widget-text-editor\" data-id=\"2e2b349\" data-element_type=\"widget\" data-widget_type=\"text-editor.default\">\n\t\t\t\t<div class=\"elementor-widget-container\">\n\t\t\t\t\t\t\t\t<div class=\"elementor-text-editor elementor-clearfix\">\n\t\t\t\t<p>Bizim missiyam\u0131z layih\u0259l\u0259rd\u0259 iqtisadi m\u0259nf\u0259\u0259tin t\u0259mini \u00fc\u00e7\u00fcn g\u0259lird\u0259n \u0259vv\u0259l x\u0259rcl\u0259rin n\u0259zar\u0259td\u0259 saxlan\u0131lmas\u0131 prinsipini \u0259sas alan, i\u015fl\u0259rin vaxt\u0131nda tamamlanmas\u0131 \u00fc\u00e7\u00fcn prossesin b\u00fct\u00fcn detallar\u0131 il\u0259 optimalla\u015fd\u0131r\u0131lmas\u0131na v\u0259 \u015f\u0259ffaf \u015f\u0259kild\u0259 izl\u0259nm\u0259sin\u0259 xidm\u0259t ed\u0259n pe\u015f\u0259kar planlama v\u0259 x\u0259rcl\u0259r\u0259 n\u0259zar\u0259t xidm\u0259tl\u0259rini h\u0259yata ke\u00e7irm\u0259k.<\/p>\t\t\t\t\t<\/div>\n\t\t\t\t\t\t<\/div>\n\t\t\t\t<\/div>\n\t\t\t\t\t\t<\/div>\n\t\t\t\t\t<\/div>\n\t\t<\/div>\n\t\t\t\t\t\t\t\t<\/div>\n\t\t\t\t\t<\/div>\n\t\t<\/section>\n\t\t\t\t\t\t\t\t\t<\/div>\n\t\t\t<\/div>\n\t\t\t\t\t<\/div>\n\t\t","protected":false},"excerpt":{"rendered":"<p>Missiyam\u0131z Bizim missiyam\u0131z layih\u0259l\u0259rd\u0259 iqtisadi m\u0259nf\u0259\u0259tin t\u0259mini \u00fc\u00e7\u00fcn g\u0259lird\u0259n \u0259vv\u0259l x\u0259rcl\u0259rin n\u0259zar\u0259td\u0259 saxlan\u0131lmas\u0131 prinsipini \u0259sas alan, i\u015fl\u0259rin vaxt\u0131nda tamamlanmas\u0131 \u00fc\u00e7\u00fcn prossesin b\u00fct\u00fcn detallar\u0131 il\u0259 optimalla\u015fd\u0131r\u0131lmas\u0131na v\u0259 \u015f\u0259ffaf \u015f\u0259kild\u0259 izl\u0259nm\u0259sin\u0259 xidm\u0259t ed\u0259n pe\u015f\u0259kar planlama v\u0259 x\u0259rcl\u0259r\u0259 n\u0259zar\u0259t xidm\u0259tl\u0259rini h\u0259yata ke\u00e7irm\u0259k.<\/p>\n","protected":false},"author":1,"featured_media":0,"parent":0,"menu_order":0,"comment_status":"closed","ping_status":"closed","template":"","meta":{"_monsterinsights_skip_tracking":false,"_monsterinsights_sitenote_active":false,"_monsterinsights_sitenote_note":"","_monsterinsights_sitenote_category":0},"yoast_head":"<!-- This site is optimized with the Yoast SEO plugin v16.2 - https:\/\/yoast.com\/wordpress\/plugins\/seo\/ -->\n<title>Missiyamiz - Maf.az<\/title>\n<meta name=\"robots\" content=\"index, follow, max-snippet:-1, max-image-preview:large, max-video-preview:-1\" \/>\n<link rel=\"canonical\" href=\"https:\/\/maf.az\/ourmission\/\" \/>\n<meta property=\"og:locale\" content=\"az_AZ\" \/>\n<meta property=\"og:type\" content=\"article\" \/>\n<meta property=\"og:title\" content=\"Missiyamiz - Maf.az\" \/>\n<meta property=\"og:description\" content=\"Missiyam\u0131z Bizim missiyam\u0131z layih\u0259l\u0259rd\u0259 iqtisadi m\u0259nf\u0259\u0259tin t\u0259mini \u00fc\u00e7\u00fcn g\u0259lird\u0259n \u0259vv\u0259l x\u0259rcl\u0259rin n\u0259zar\u0259td\u0259 saxlan\u0131lmas\u0131 prinsipini \u0259sas alan, i\u015fl\u0259rin vaxt\u0131nda tamamlanmas\u0131 \u00fc\u00e7\u00fcn prossesin b\u00fct\u00fcn detallar\u0131 il\u0259 optimalla\u015fd\u0131r\u0131lmas\u0131na v\u0259 \u015f\u0259ffaf \u015f\u0259kild\u0259 izl\u0259nm\u0259sin\u0259 xidm\u0259t ed\u0259n pe\u015f\u0259kar planlama v\u0259 x\u0259rcl\u0259r\u0259 n\u0259zar\u0259t xidm\u0259tl\u0259rini h\u0259yata ke\u00e7irm\u0259k.\" \/>\n<meta property=\"og:url\" content=\"https:\/\/maf.az\/ourmission\/\" \/>\n<meta property=\"og:site_name\" content=\"Maf.az\" \/>\n<meta property=\"article:modified_time\" content=\"2021-05-06T07:51:02+00:00\" \/>\n<meta name=\"twitter:card\" content=\"summary_large_image\" \/>\n<meta name=\"twitter:label1\" content=\"Est. reading time\">\n\t<meta name=\"twitter:data1\" content=\"1 minute\">\n<script type=\"application\/ld+json\" class=\"yoast-schema-graph\">{\"@context\":\"https:\/\/schema.org\",\"@graph\":[{\"@type\":\"Organization\",\"@id\":\"https:\/\/maf.az\/#organization\",\"name\":\"MAF.AZ\",\"url\":\"https:\/\/maf.az\/\",\"sameAs\":[],\"logo\":{\"@type\":\"ImageObject\",\"@id\":\"https:\/\/maf.az\/#logo\",\"inLanguage\":\"az-TR\",\"url\":\"https:\/\/maf.az\/wp-content\/uploads\/2020\/11\/MAF-Logo-ENG.png\",\"contentUrl\":\"https:\/\/maf.az\/wp-content\/uploads\/2020\/11\/MAF-Logo-ENG.png\",\"width\":1962,\"height\":1248,\"caption\":\"MAF.AZ\"},\"image\":{\"@id\":\"https:\/\/maf.az\/#logo\"}},{\"@type\":\"WebSite\",\"@id\":\"https:\/\/maf.az\/#website\",\"url\":\"https:\/\/maf.az\/\",\"name\":\"Maf.az\",\"description\":\"On Time\",\"publisher\":{\"@id\":\"https:\/\/maf.az\/#organization\"},\"potentialAction\":[{\"@type\":\"SearchAction\",\"target\":\"https:\/\/maf.az\/?s={search_term_string}\",\"query-input\":\"required name=search_term_string\"}],\"inLanguage\":\"az-TR\"},{\"@type\":\"WebPage\",\"@id\":\"https:\/\/maf.az\/ourmission\/#webpage\",\"url\":\"https:\/\/maf.az\/ourmission\/\",\"name\":\"Missiyamiz - Maf.az\",\"isPartOf\":{\"@id\":\"https:\/\/maf.az\/#website\"},\"datePublished\":\"2020-11-18T18:23:24+00:00\",\"dateModified\":\"2021-05-06T07:51:02+00:00\",\"breadcrumb\":{\"@id\":\"https:\/\/maf.az\/ourmission\/#breadcrumb\"},\"inLanguage\":\"az-TR\",\"potentialAction\":[{\"@type\":\"ReadAction\",\"target\":[\"https:\/\/maf.az\/ourmission\/\"]}]},{\"@type\":\"BreadcrumbList\",\"@id\":\"https:\/\/maf.az\/ourmission\/#breadcrumb\",\"itemListElement\":[{\"@type\":\"ListItem\",\"position\":1,\"item\":{\"@type\":\"WebPage\",\"@id\":\"https:\/\/maf.az\/az\/\",\"url\":\"https:\/\/maf.az\/az\/\",\"name\":\"Home\"}},{\"@type\":\"ListItem\",\"position\":2,\"item\":{\"@id\":\"https:\/\/maf.az\/ourmission\/#webpage\"}}]}]}<\/script>\n<!-- \/ Yoast SEO plugin. -->","_links":{"self":[{"href":"https:\/\/maf.az\/az\/wp-json\/wp\/v2\/pages\/11514"}],"collection":[{"href":"https:\/\/maf.az\/az\/wp-json\/wp\/v2\/pages"}],"about":[{"href":"https:\/\/maf.az\/az\/wp-json\/wp\/v2\/types\/page"}],"author":[{"embeddable":true,"href":"https:\/\/maf.az\/az\/wp-json\/wp\/v2\/users\/1"}],"replies":[{"embeddable":true,"href":"https:\/\/maf.az\/az\/wp-json\/wp\/v2\/comments?post=11514"}],"version-history":[{"count":5,"href":"https:\/\/maf.az\/az\/wp-json\/wp\/v2\/pages\/11514\/revisions"}],"predecessor-version":[{"id":11823,"href":"https:\/\/maf.az\/az\/wp-json\/wp\/v2\/pages\/11514\/revisions\/11823"}],"wp:attachment":[{"href":"https:\/\/maf.az\/az\/wp-json\/wp\/v2\/media?parent=11514"}],"curies":[{"name":"wp","href":"https:\/\/api.w.org\/{rel}","templated":true}]}}