{"id":11503,"date":"2020-11-18T18:00:12","date_gmt":"2020-11-18T18:00:12","guid":{"rendered":"https:\/\/maf.az\/contactus\/"},"modified":"2020-11-18T18:30:55","modified_gmt":"2020-11-18T18:30:55","slug":"elaqe","status":"publish","type":"page","link":"https:\/\/maf.az\/az\/elaqe\/","title":{"rendered":"\u018flaq\u0259"},"content":{"rendered":"\t\t<div data-elementor-type=\"wp-post\" data-elementor-id=\"11503\" class=\"elementor elementor-11503 elementor-610\">\n\t\t\t\t\t\t<div class=\"elementor-inner\">\n\t\t\t\t<div class=\"elementor-section-wrap\">\n\t\t\t\t\t\t\t\t\t<section class=\"elementor-section elementor-top-section elementor-element elementor-element-0baf9bc elementor-section-boxed elementor-section-height-default elementor-section-height-default\" data-id=\"0baf9bc\" data-element_type=\"section\">\n\t\t\t\t\t\t<div class=\"elementor-container elementor-column-gap-default\">\n\t\t\t\t\t\t\t<div class=\"elementor-row\">\n\t\t\t\t\t<div class=\"elementor-column elementor-col-50 elementor-top-column elementor-element elementor-element-933d560 top column-style-top\" data-id=\"933d560\" data-element_type=\"column\">\n\t\t\t<div class=\"elementor-column-wrap elementor-element-populated\">\n\t\t\t\t\t\t\t<div class=\"elementor-widget-wrap\">\n\t\t\t\t\t\t<div class=\"elementor-element elementor-element-6e2599a elementor-widget elementor-widget-gva-heading-block\" data-id=\"6e2599a\" data-element_type=\"widget\" data-widget_type=\"gva-heading-block.default\">\n\t\t\t\t<div class=\"elementor-widget-container\">\n\t\t\t<div class=\"gva-element-gva-heading-block gva-element\">   <div class=\"align-left style-1 widget gsc-heading box-align-left\">\r\n      <div class=\"content-inner\">\r\n         \r\n                  \r\n           \r\n         \r\n                     <h2 class=\"title\">\r\n               <span>Biz\u0259 yaz\u0131n v\u0259 ya z\u0259ng edin<\/span>\r\n            <\/h2>\r\n                              <div class=\"title-desc\">Siz biziml\u0259 \u0259laq\u0259 saxlaya v\u0259 ist\u0259nil\u0259n suallar\u0131n\u0131z\u0131 y\u00f6n\u0259ld\u0259 bil\u0259rsiniz<\/div>\r\n         \r\n         \r\n      <\/div>\r\n   <\/div>\r\n   <div class=\"clearfix\"><\/div>\r\n<\/div>\t\t<\/div>\n\t\t\t\t<\/div>\n\t\t\t\t<div class=\"elementor-element elementor-element-3973e03c elementor-position-left keep-icon-box-left elementor-view-default elementor-mobile-position-top elementor-vertical-align-top elementor-widget elementor-widget-icon-box\" data-id=\"3973e03c\" data-element_type=\"widget\" data-widget_type=\"icon-box.default\">\n\t\t\t\t<div class=\"elementor-widget-container\">\n\t\t\t\t\t<div class=\"elementor-icon-box-wrapper\">\n\t\t\t\t\t\t<div class=\"elementor-icon-box-icon\">\n\t\t\t\t<span class=\"elementor-icon elementor-animation-\" >\n\t\t\t\t<i aria-hidden=\"true\" class=\"fi flaticon-email\"><\/i>\t\t\t\t<\/span>\n\t\t\t<\/div>\n\t\t\t\t\t\t<div class=\"elementor-icon-box-content\">\n\t\t\t\t<h3 class=\"elementor-icon-box-title\">\n\t\t\t\t\t<span  >\n\t\t\t\t\t\tEmail\t\t\t\t\t<\/span>\n\t\t\t\t<\/h3>\n\t\t\t\t\t\t\t\t\t<p class=\"elementor-icon-box-description\">\n\t\t\t\t\t\t<a href=\"mailto:info@maf.az\">info@maf.az<\/a>\t\t\t\t\t<\/p>\n\t\t\t\t\t\t\t<\/div>\n\t\t<\/div>\n\t\t\t\t<\/div>\n\t\t\t\t<\/div>\n\t\t\t\t<div class=\"elementor-element elementor-element-d4e8923 elementor-position-left keep-icon-box-left elementor-view-default elementor-mobile-position-top elementor-vertical-align-top elementor-widget elementor-widget-icon-box\" data-id=\"d4e8923\" data-element_type=\"widget\" data-widget_type=\"icon-box.default\">\n\t\t\t\t<div class=\"elementor-widget-container\">\n\t\t\t\t\t<div class=\"elementor-icon-box-wrapper\">\n\t\t\t\t\t\t<div class=\"elementor-icon-box-icon\">\n\t\t\t\t<span class=\"elementor-icon elementor-animation-\" >\n\t\t\t\t<i aria-hidden=\"true\" class=\"fi flaticon-calling\"><\/i>\t\t\t\t<\/span>\n\t\t\t<\/div>\n\t\t\t\t\t\t<div class=\"elementor-icon-box-content\">\n\t\t\t\t<h3 class=\"elementor-icon-box-title\">\n\t\t\t\t\t<span  >\n\t\t\t\t\t\tTelefon\t\t\t\t\t<\/span>\n\t\t\t\t<\/h3>\n\t\t\t\t\t\t\t\t\t<p class=\"elementor-icon-box-description\">\n\t\t\t\t\t\t<a href=\"tel:+994554319617\">+994 55 431 96 17<\/a>\t\t\t\t\t<\/p>\n\t\t\t\t\t\t\t<\/div>\n\t\t<\/div>\n\t\t\t\t<\/div>\n\t\t\t\t<\/div>\n\t\t\t\t<div class=\"elementor-element elementor-element-2ab783f5 elementor-position-left keep-icon-box-left elementor-view-default elementor-mobile-position-top elementor-vertical-align-top elementor-widget elementor-widget-icon-box\" data-id=\"2ab783f5\" data-element_type=\"widget\" data-widget_type=\"icon-box.default\">\n\t\t\t\t<div class=\"elementor-widget-container\">\n\t\t\t\t\t<div class=\"elementor-icon-box-wrapper\">\n\t\t\t\t\t\t<div class=\"elementor-icon-box-icon\">\n\t\t\t\t<span class=\"elementor-icon elementor-animation-\" >\n\t\t\t\t<i aria-hidden=\"true\" class=\"fi flaticon-address\"><\/i>\t\t\t\t<\/span>\n\t\t\t<\/div>\n\t\t\t\t\t\t<div class=\"elementor-icon-box-content\">\n\t\t\t\t<h3 class=\"elementor-icon-box-title\">\n\t\t\t\t\t<span  >\n\t\t\t\t\t\t\u00dcnvan\t\t\t\t\t<\/span>\n\t\t\t\t<\/h3>\n\t\t\t\t\t\t\t\t\t<p class=\"elementor-icon-box-description\">\n\t\t\t\t\t\tBak\u0131, Az\u0259rbaycan\t\t\t\t\t<\/p>\n\t\t\t\t\t\t\t<\/div>\n\t\t<\/div>\n\t\t\t\t<\/div>\n\t\t\t\t<\/div>\n\t\t\t\t\t\t<\/div>\n\t\t\t\t\t<\/div>\n\t\t<\/div>\n\t\t\t\t<div class=\"elementor-column elementor-col-50 elementor-top-column elementor-element elementor-element-a46074e\" data-id=\"a46074e\" data-element_type=\"column\">\n\t\t\t<div class=\"elementor-column-wrap elementor-element-populated\">\n\t\t\t\t\t\t\t<div class=\"elementor-widget-wrap\">\n\t\t\t\t\t\t<div class=\"elementor-element elementor-element-e999300 elementor-widget elementor-widget-shortcode\" data-id=\"e999300\" data-element_type=\"widget\" data-widget_type=\"shortcode.default\">\n\t\t\t\t<div class=\"elementor-widget-container\">\n\t\t\t\t\t<div class=\"elementor-shortcode\"><div role=\"form\" class=\"wpcf7\" id=\"wpcf7-f11505-o1\" lang=\"en-US\" dir=\"ltr\">\n<div class=\"screen-reader-response\"><p role=\"status\" aria-live=\"polite\" aria-atomic=\"true\"><\/p> <ul><\/ul><\/div>\n<form action=\"\/az\/wp-json\/wp\/v2\/pages\/11503#wpcf7-f11505-o1\" method=\"post\" class=\"wpcf7-form init\" novalidate=\"novalidate\" data-status=\"init\">\n<div style=\"display: none;\">\n<input type=\"hidden\" name=\"_wpcf7\" value=\"11505\" \/>\n<input type=\"hidden\" name=\"_wpcf7_version\" value=\"5.5.6.1\" \/>\n<input type=\"hidden\" name=\"_wpcf7_locale\" value=\"en_US\" \/>\n<input type=\"hidden\" name=\"_wpcf7_unit_tag\" value=\"wpcf7-f11505-o1\" \/>\n<input type=\"hidden\" name=\"_wpcf7_container_post\" value=\"0\" \/>\n<input type=\"hidden\" name=\"_wpcf7_posted_data_hash\" value=\"\" \/>\n<input type=\"hidden\" name=\"_wpcf7_recaptcha_response\" value=\"\" \/>\n<\/div>\n<div class=\"clearfix\">\n<div id=\"left\">Ad <span class=\"wpcf7-form-control-wrap your-name\"><input type=\"text\" name=\"your-name\" value=\"\" size=\"40\" class=\"wpcf7-form-control wpcf7-text\" aria-invalid=\"false\" \/><\/span> <\/div>\n<div id=\"right\">Email <span class=\"wpcf7-form-control-wrap your-email\"><input type=\"email\" name=\"your-email\" value=\"\" size=\"40\" class=\"wpcf7-form-control wpcf7-text wpcf7-email wpcf7-validates-as-required wpcf7-validates-as-email\" aria-required=\"true\" aria-invalid=\"false\" \/><\/span> <\/div>\n<\/div>\nM\u00f6vzu <span class=\"wpcf7-form-control-wrap your-subject\"><input type=\"text\" name=\"your-subject\" value=\"\" size=\"40\" class=\"wpcf7-form-control wpcf7-text wpcf7-validates-as-required\" aria-required=\"true\" aria-invalid=\"false\" \/><\/span> \nM\u0259zmun <span class=\"wpcf7-form-control-wrap your-message\"><textarea name=\"your-message\" cols=\"40\" rows=\"10\" class=\"wpcf7-form-control wpcf7-textarea wpcf7-validates-as-required\" aria-required=\"true\" aria-invalid=\"false\"><\/textarea><\/span> \n<input type=\"submit\" value=\"G\u00f6nd\u0259r\" class=\"wpcf7-form-control has-spinner wpcf7-submit\" \/><div class=\"wpcf7-response-output\" aria-hidden=\"true\"><\/div><\/form><\/div><\/div>\n\t\t\t\t<\/div>\n\t\t\t\t<\/div>\n\t\t\t\t\t\t<\/div>\n\t\t\t\t\t<\/div>\n\t\t<\/div>\n\t\t\t\t\t\t\t\t<\/div>\n\t\t\t\t\t<\/div>\n\t\t<\/section>\n\t\t\t\t\t\t\t\t\t<\/div>\n\t\t\t<\/div>\n\t\t\t\t\t<\/div>\n\t\t","protected":false},"excerpt":{"rendered":"<p>Biz\u0259 yaz\u0131n v\u0259 ya z\u0259ng edin Siz biziml\u0259 \u0259laq\u0259 saxlaya v\u0259 ist\u0259nil\u0259n suallar\u0131n\u0131z\u0131 y\u00f6n\u0259ld\u0259 bil\u0259rsiniz Email info@maf.az Telefon +994 55 431 96 17 \u00dcnvan Bak\u0131, Az\u0259rbaycan<\/p>\n","protected":false},"author":1,"featured_media":0,"parent":0,"menu_order":0,"comment_status":"closed","ping_status":"closed","template":"","meta":{"_monsterinsights_skip_tracking":false,"_monsterinsights_sitenote_active":false,"_monsterinsights_sitenote_note":"","_monsterinsights_sitenote_category":0},"yoast_head":"<!-- This site is optimized with the Yoast SEO plugin v16.2 - https:\/\/yoast.com\/wordpress\/plugins\/seo\/ -->\n<title>\u018flaq\u0259 - Maf.az<\/title>\n<meta name=\"robots\" content=\"index, follow, max-snippet:-1, max-image-preview:large, max-video-preview:-1\" \/>\n<link rel=\"canonical\" href=\"https:\/\/maf.az\/az\/elaqe\/\" \/>\n<meta property=\"og:locale\" content=\"az_AZ\" \/>\n<meta property=\"og:type\" content=\"article\" \/>\n<meta property=\"og:title\" content=\"\u018flaq\u0259 - Maf.az\" \/>\n<meta property=\"og:description\" content=\"Biz\u0259 yaz\u0131n v\u0259 ya z\u0259ng edin Siz biziml\u0259 \u0259laq\u0259 saxlaya v\u0259 ist\u0259nil\u0259n suallar\u0131n\u0131z\u0131 y\u00f6n\u0259ld\u0259 bil\u0259rsiniz Email info@maf.az Telefon +994 55 431 96 17 \u00dcnvan Bak\u0131, Az\u0259rbaycan\" \/>\n<meta property=\"og:url\" content=\"https:\/\/maf.az\/az\/elaqe\/\" \/>\n<meta property=\"og:site_name\" content=\"Maf.az\" \/>\n<meta property=\"article:modified_time\" content=\"2020-11-18T18:30:55+00:00\" \/>\n<meta name=\"twitter:card\" content=\"summary_large_image\" \/>\n<script type=\"application\/ld+json\" class=\"yoast-schema-graph\">{\"@context\":\"https:\/\/schema.org\",\"@graph\":[{\"@type\":\"Organization\",\"@id\":\"https:\/\/maf.az\/#organization\",\"name\":\"MAF.AZ\",\"url\":\"https:\/\/maf.az\/\",\"sameAs\":[],\"logo\":{\"@type\":\"ImageObject\",\"@id\":\"https:\/\/maf.az\/#logo\",\"inLanguage\":\"az-TR\",\"url\":\"https:\/\/maf.az\/wp-content\/uploads\/2020\/11\/MAF-Logo-ENG.png\",\"contentUrl\":\"https:\/\/maf.az\/wp-content\/uploads\/2020\/11\/MAF-Logo-ENG.png\",\"width\":1962,\"height\":1248,\"caption\":\"MAF.AZ\"},\"image\":{\"@id\":\"https:\/\/maf.az\/#logo\"}},{\"@type\":\"WebSite\",\"@id\":\"https:\/\/maf.az\/#website\",\"url\":\"https:\/\/maf.az\/\",\"name\":\"Maf.az\",\"description\":\"On Time\",\"publisher\":{\"@id\":\"https:\/\/maf.az\/#organization\"},\"potentialAction\":[{\"@type\":\"SearchAction\",\"target\":\"https:\/\/maf.az\/?s={search_term_string}\",\"query-input\":\"required name=search_term_string\"}],\"inLanguage\":\"az-TR\"},{\"@type\":\"WebPage\",\"@id\":\"https:\/\/maf.az\/az\/elaqe\/#webpage\",\"url\":\"https:\/\/maf.az\/az\/elaqe\/\",\"name\":\"\\u018flaq\\u0259 - Maf.az\",\"isPartOf\":{\"@id\":\"https:\/\/maf.az\/#website\"},\"datePublished\":\"2020-11-18T18:00:12+00:00\",\"dateModified\":\"2020-11-18T18:30:55+00:00\",\"breadcrumb\":{\"@id\":\"https:\/\/maf.az\/az\/elaqe\/#breadcrumb\"},\"inLanguage\":\"az-TR\",\"potentialAction\":[{\"@type\":\"ReadAction\",\"target\":[\"https:\/\/maf.az\/az\/elaqe\/\"]}]},{\"@type\":\"BreadcrumbList\",\"@id\":\"https:\/\/maf.az\/az\/elaqe\/#breadcrumb\",\"itemListElement\":[{\"@type\":\"ListItem\",\"position\":1,\"item\":{\"@type\":\"WebPage\",\"@id\":\"https:\/\/maf.az\/az\/\",\"url\":\"https:\/\/maf.az\/az\/\",\"name\":\"Home\"}},{\"@type\":\"ListItem\",\"position\":2,\"item\":{\"@id\":\"https:\/\/maf.az\/az\/elaqe\/#webpage\"}}]}]}<\/script>\n<!-- \/ Yoast SEO plugin. -->","_links":{"self":[{"href":"https:\/\/maf.az\/az\/wp-json\/wp\/v2\/pages\/11503"}],"collection":[{"href":"https:\/\/maf.az\/az\/wp-json\/wp\/v2\/pages"}],"about":[{"href":"https:\/\/maf.az\/az\/wp-json\/wp\/v2\/types\/page"}],"author":[{"embeddable":true,"href":"https:\/\/maf.az\/az\/wp-json\/wp\/v2\/users\/1"}],"replies":[{"embeddable":true,"href":"https:\/\/maf.az\/az\/wp-json\/wp\/v2\/comments?post=11503"}],"version-history":[{"count":6,"href":"https:\/\/maf.az\/az\/wp-json\/wp\/v2\/pages\/11503\/revisions"}],"predecessor-version":[{"id":11526,"href":"https:\/\/maf.az\/az\/wp-json\/wp\/v2\/pages\/11503\/revisions\/11526"}],"wp:attachment":[{"href":"https:\/\/maf.az\/az\/wp-json\/wp\/v2\/media?parent=11503"}],"curies":[{"name":"wp","href":"https:\/\/api.w.org\/{rel}","templated":true}]}}